{"id":615,"date":"2026-04-08T15:49:49","date_gmt":"2026-04-08T12:49:49","guid":{"rendered":"https:\/\/www.kizilayspormerkezi.com\/?page_id=615"},"modified":"2026-04-08T15:51:23","modified_gmt":"2026-04-08T12:51:23","slug":"dovus-sanatlari-studio","status":"publish","type":"page","link":"https:\/\/www.kizilayspormerkezi.com\/index.php\/siniflarimiz\/dovus-sanatlari-studio\/","title":{"rendered":"D\u00f6v\u00fc\u015f Sanatlar\u0131 Studio"},"content":{"rendered":"","protected":false},"excerpt":{"rendered":"<p> [&hellip;]<\/p>\n","protected":false},"author":1,"featured_media":0,"parent":591,"menu_order":0,"comment_status":"closed","ping_status":"closed","template":"","meta":{"footnotes":""},"class_list":["post-615","page","type-page","status-publish","hentry"],"_links":{"self":[{"href":"https:\/\/www.kizilayspormerkezi.com\/index.php\/wp-json\/wp\/v2\/pages\/615","targetHints":{"allow":["GET"]}}],"collection":[{"href":"https:\/\/www.kizilayspormerkezi.com\/index.php\/wp-json\/wp\/v2\/pages"}],"about":[{"href":"https:\/\/www.kizilayspormerkezi.com\/index.php\/wp-json\/wp\/v2\/types\/page"}],"author":[{"embeddable":true,"href":"https:\/\/www.kizilayspormerkezi.com\/index.php\/wp-json\/wp\/v2\/users\/1"}],"replies":[{"embeddable":true,"href":"https:\/\/www.kizilayspormerkezi.com\/index.php\/wp-json\/wp\/v2\/comments?post=615"}],"version-history":[{"count":1,"href":"https:\/\/www.kizilayspormerkezi.com\/index.php\/wp-json\/wp\/v2\/pages\/615\/revisions"}],"predecessor-version":[{"id":616,"href":"https:\/\/www.kizilayspormerkezi.com\/index.php\/wp-json\/wp\/v2\/pages\/615\/revisions\/616"}],"up":[{"embeddable":true,"href":"https:\/\/www.kizilayspormerkezi.com\/index.php\/wp-json\/wp\/v2\/pages\/591"}],"wp:attachment":[{"href":"https:\/\/www.kizilayspormerkezi.com\/index.php\/wp-json\/wp\/v2\/media?parent=615"}],"curies":[{"name":"wp","href":"https:\/\/api.w.org\/{rel}","templated":true}]}}